{"id":3545,"date":"2024-04-19T17:27:09","date_gmt":"2024-04-19T15:27:09","guid":{"rendered":"https:\/\/cool-thompson.85-215-176-32.plesk.page\/prodotto\/alambicco-500-litri\/"},"modified":"2025-02-12T14:36:08","modified_gmt":"2025-02-12T12:36:08","slug":"alambicco-500-litri","status":"publish","type":"product","link":"https:\/\/www.alambiccoinox.it\/es\/prodotto\/alambicco-500-litri\/","title":{"rendered":"Alambique 500 litros"},"content":{"rendered":"<h5>Caracter\u00edsticas t\u00e9cnicas del 500 litros<\/h5>\n<div style=\"overflow-x: auto;\">\n<table>\n<tbody>\n<tr>\n<td><strong>Di\u00e1metro caldera<\/strong><\/td>\n<td><strong>Alto caldera<\/strong><\/td>\n<td><strong>Alto montado<\/strong><\/td>\n<td><strong>Ancho<\/strong><\/td>\n<td><strong>Peso<\/strong><\/td>\n<\/tr>\n<tr>\n<td>77 CM<\/td>\n<td>110 CM<\/td>\n<td>140 CM<\/td>\n<td>125 CM<\/td>\n<td>110 KG<\/td>\n<\/tr>\n<\/tbody>\n<\/table>\n<\/div>\n<p style=\"text-align: left;\"><strong>Alambique de Acero inoxidable<\/strong> fabricado a mano <strong>en Italia<\/strong>. PRODUCIDO S\u00d3LO BAJO PEDIDO.<\/p>\n<p style=\"text-align: left;\"><b>Alambique profesional de 500 Litros<\/b>: apto para todo tipo de DESTILACI\u00d3N de sustancias ALCOH\u00d3LICAS y todo tipo de EXTRACCI\u00d3N DE ACEITES ESENCIALES.<\/p>\n<p style=\"text-align: left;\">El Alambique se compone de 5 elementos: CALDERA, DEFLEGMADOR, TERM\u00d3METRO, REFRIGERADOR Y VAGLIO; estos se ensamblan y sueldan a partir de m\u00e1s de 70 piezas con espesores muy robustos para tener un ALAMBIQUE muy s\u00f3lido, por lo que ofrecemos una garant\u00eda de 5 a\u00f1os.<\/p>\n<p><strong>Personalizaciones disponibles<\/strong>bajo petici\u00f3n. Para m\u00e1s informaci\u00f3n <strong>cont\u00e1ctenos<\/strong>.<\/p>\n<h5 style=\"text-align: left;\">Descrizione e funzione degli elementi<\/h5>\n<p style=\"text-align: left;\"><strong>CALDERA<\/strong>: El fondo es plano, de 15\/10 de espesor, muy robusto y resistente a la temperatura y a la deformaci\u00f3n. En el exterior del ALAMBIQUE tambi\u00e9n hay un term\u00f3metro que permite mantener el mismo ritmo que el DEFLEMATOR y permite separar claramente las fases de DESTILACI\u00d3N. En el fondo de la caldera hay una v\u00e1lvula de drenaje para vaciar los l\u00edquidos una vez finalizada la DESTILACI\u00d3N de GRAPPA o AGUA DE VID y para la EXTRACCI\u00d3N de ACEITES ESENCIALES.<\/p>\n<p style=\"text-align: left;\">Nuestros modelos de destiladores tambi\u00e9n se pueden adaptar para su uso con <a href=\"https:\/\/www.alambiccoinox.it\/alambicco-professionale-a-corrente-di-vapore\/#caldaiaesterna\"><strong>CALDERA EXTERNA<\/strong><\/a>. Realizamos calderas externas bajo pedido para cada uno de nuestros modelos de destiladores.<\/p>\n<p style=\"text-align: left;\">La <strong>TAPA<\/strong> de la STILL dispone de un cierre r\u00e1pido de palanca desde la apertura de todo el di\u00e1metro de la caldera donde adem\u00e1s va montada una v\u00e1lvula de seguridad.<\/p>\n<p style=\"text-align: left;\">El <strong><a href=\"https:\/\/www.alambiccoinox.it\/es\/deflemmatore\/\">DEFLEGMADOR <\/a><\/strong>del ALAMBIQUE es fundamental en el proceso de DESTILACI\u00d3N de GRAPPA, AGUA DE VID y otras sustancias alcoh\u00f3licas. Tambi\u00e9n puede ser muy \u00fatil en la extracci\u00f3n de ACEITES ESENCIALES E HIDROLATOS ya que retiene las part\u00edculas m\u00e1s pesadas, <strong>asegurando un destilado\/extracto m\u00e1s puro<\/strong><br \/>\n.<\/p>\n<p style=\"text-align: left;\">El <strong><a href=\"https:\/\/www.alambiccoinox.it\/alambicco-professionale-a-corrente-di-vapore\/#refrigeratore\">CONDENSADOR<\/a> \u201c<\/strong>SERPENTINA\u201d est\u00e1 fabricado \u00edntegramente en acero inoxidable, equipado con un tubo de entrada de agua (abajo) y un tubo de salida (arriba) y refrigera con muy poca agua corriente; el techo est\u00e1 soldado herm\u00e9ticamente para no <strong>dejar escapar agua del techo<\/strong>.<\/p>\n<p style=\"text-align: left;\">El <strong> <a href=\"https:\/\/www.alambiccoinox.it\/alambicco-professionale-a-corrente-di-vapore\/#vaglio\">VAGLIO<\/a><\/strong> se diferencia de los modelos comunes de tamiz\/separador porque tiene un difusor de vapor central que <strong>garantiza un calentamiento homog\u00e9neo<\/strong> del alambique y de la materia prima que contiene.<\/p>\n<p>&nbsp;<\/p>\n<p><strong>Haz un pedido particular o necesitas un presupuesto?<\/strong> <a href=\"https:\/\/www.alambiccoinox.it\/es\/contatti\/\">Contattaci ora<\/a>.<\/p>\n","protected":false},"excerpt":{"rendered":"<p><strong>ALAMBIQUE<\/strong> <strong>500 LITROS<\/strong>: es el modelo m\u00e1s grande del <strong>ALAMBIQUE PROFESIONAL<\/strong>, como todos los <strong>DESTILADORES<\/strong> se presta a todo tipo de<strong>DESTILACI\u00d3N<\/strong> a partir de<strong>sustancias ALCOH\u00d3LICAS<\/strong> hasta la <strong>EXTRACCI\u00d3N DE ACEITE ESENCIAL.<\/p>\n<p>Producto realizado \u00fanicamente bajo pedido. Para obtener informaci\u00f3n, cont\u00e1ctenos ahora.<\/p>\n","protected":false},"featured_media":3449,"template":"","meta":{"site-sidebar-layout":"default","site-content-layout":"","ast-site-content-layout":"default","site-content-style":"default","site-sidebar-style":"default","ast-global-header-display":"","ast-banner-title-visibility":"","ast-main-header-display":"","ast-hfb-above-header-display":"","ast-hfb-below-header-display":"","ast-hfb-mobile-header-display":"","site-post-title":"","ast-breadcrumbs-content":"","ast-featured-img":"","footer-sml-layout":"","theme-transparent-header-meta":"default","adv-header-id-meta":"","stick-header-meta":"","header-above-stick-meta":"","header-main-stick-meta":"","header-below-stick-meta":"","astra-migrate-meta-layouts":"set","ast-page-background-enabled":"default","ast-page-background-meta":{"desktop":{"background-color":"var(--ast-global-color-4)","background-image":"","background-repeat":"repeat","background-position":"center center","background-size":"auto","background-attachment":"scroll","background-type":"","background-media":"","overlay-type":"","overlay-color":"","overlay-opacity":"","overlay-gradient":""},"tablet":{"background-color":"","background-image":"","background-repeat":"repeat","background-position":"center center","background-size":"auto","background-attachment":"scroll","background-type":"","background-media":"","overlay-type":"","overlay-color":"","overlay-opacity":"","overlay-gradient":""},"mobile":{"background-color":"","background-image":"","background-repeat":"repeat","background-position":"center center","background-size":"auto","background-attachment":"scroll","background-type":"","background-media":"","overlay-type":"","overlay-color":"","overlay-opacity":"","overlay-gradient":""}},"ast-content-background-meta":{"desktop":{"background-color":"var(--ast-global-color-5)","background-image":"","background-repeat":"repeat","background-position":"center center","background-size":"auto","background-attachment":"scroll","background-type":"","background-media":"","overlay-type":"","overlay-color":"","overlay-opacity":"","overlay-gradient":""},"tablet":{"background-color":"var(--ast-global-color-5)","background-image":"","background-repeat":"repeat","background-position":"center center","background-size":"auto","background-attachment":"scroll","background-type":"","background-media":"","overlay-type":"","overlay-color":"","overlay-opacity":"","overlay-gradient":""},"mobile":{"background-color":"var(--ast-global-color-5)","background-image":"","background-repeat":"repeat","background-position":"center center","background-size":"auto","background-attachment":"scroll","background-type":"","background-media":"","overlay-type":"","overlay-color":"","overlay-opacity":"","overlay-gradient":""}}},"product_cat":[53],"product_tag":[74],"class_list":{"0":"post-3545","1":"product","2":"type-product","3":"status-publish","4":"has-post-thumbnail","6":"product_cat-alambicchi-in-acciaio-es-2","7":"product_tag-500l-es","8":"product_shipping_class-altro-es","9":"desktop-align-left","10":"tablet-align-left","11":"mobile-align-left","13":"first","14":"outofstock","15":"taxable","16":"shipping-taxable","17":"product-type-simple"},"yoast_head":"<!-- This site is optimized with the Yoast SEO plugin v22.6 - https:\/\/yoast.com\/wordpress\/plugins\/seo\/ -->\n<title>Alambique 500 litros - Alambicco Inox<\/title>\n<meta name=\"description\" content=\"Alambique 500 Litros es el modelo m\u00e1s grande de alambique profesional para la extracci\u00f3n de aceites esenciales y destilados.\" \/>\n<meta name=\"robots\" content=\"index, follow, max-snippet:-1, max-image-preview:large, max-video-preview:-1\" \/>\n<link rel=\"canonical\" href=\"https:\/\/www.alambiccoinox.it\/es\/prodotto\/alambicco-500-litri\/\" \/>\n<meta property=\"og:locale\" content=\"es_ES\" \/>\n<meta property=\"og:type\" content=\"article\" \/>\n<meta property=\"og:title\" content=\"Alambique 500 litros - Alambicco Inox\" \/>\n<meta property=\"og:description\" content=\"Alambique 500 Litros es el modelo m\u00e1s grande de alambique profesional para la extracci\u00f3n de aceites esenciales y destilados.\" \/>\n<meta property=\"og:url\" content=\"https:\/\/www.alambiccoinox.it\/es\/prodotto\/alambicco-500-litri\/\" \/>\n<meta property=\"og:site_name\" content=\"Alambicco Inox\" \/>\n<meta property=\"article:publisher\" content=\"https:\/\/www.facebook.com\/p\/Alambicco-acciaio-inox-di-Scambiatterra-Francesco-100057074185781\/\" \/>\n<meta property=\"article:modified_time\" content=\"2025-02-12T12:36:08+00:00\" \/>\n<meta property=\"og:image\" content=\"https:\/\/www.alambiccoinox.it\/wp-content\/uploads\/2024\/04\/500q.jpg\" \/>\n\t<meta property=\"og:image:width\" content=\"427\" \/>\n\t<meta property=\"og:image:height\" content=\"570\" \/>\n\t<meta property=\"og:image:type\" content=\"image\/jpeg\" \/>\n<meta name=\"twitter:card\" content=\"summary_large_image\" \/>\n<meta name=\"twitter:label1\" content=\"Tiempo de lectura\" \/>\n\t<meta name=\"twitter:data1\" content=\"3 minutos\" \/>\n<script type=\"application\/ld+json\" class=\"yoast-schema-graph\">{\"@context\":\"https:\/\/schema.org\",\"@graph\":[{\"@type\":\"WebPage\",\"@id\":\"https:\/\/www.alambiccoinox.it\/es\/prodotto\/alambicco-500-litri\/\",\"url\":\"https:\/\/www.alambiccoinox.it\/es\/prodotto\/alambicco-500-litri\/\",\"name\":\"Alambique 500 litros - Alambicco Inox\",\"isPartOf\":{\"@id\":\"https:\/\/www.alambiccoinox.it\/es\/#website\"},\"primaryImageOfPage\":{\"@id\":\"https:\/\/www.alambiccoinox.it\/es\/prodotto\/alambicco-500-litri\/#primaryimage\"},\"image\":{\"@id\":\"https:\/\/www.alambiccoinox.it\/es\/prodotto\/alambicco-500-litri\/#primaryimage\"},\"thumbnailUrl\":\"https:\/\/www.alambiccoinox.it\/wp-content\/uploads\/2024\/04\/500q.jpg\",\"datePublished\":\"2024-04-19T15:27:09+00:00\",\"dateModified\":\"2025-02-12T12:36:08+00:00\",\"description\":\"Alambique 500 Litros es el modelo m\u00e1s grande de alambique profesional para la extracci\u00f3n de aceites esenciales y destilados.\",\"breadcrumb\":{\"@id\":\"https:\/\/www.alambiccoinox.it\/es\/prodotto\/alambicco-500-litri\/#breadcrumb\"},\"inLanguage\":\"es\",\"potentialAction\":[{\"@type\":\"ReadAction\",\"target\":[\"https:\/\/www.alambiccoinox.it\/es\/prodotto\/alambicco-500-litri\/\"]}]},{\"@type\":\"ImageObject\",\"inLanguage\":\"es\",\"@id\":\"https:\/\/www.alambiccoinox.it\/es\/prodotto\/alambicco-500-litri\/#primaryimage\",\"url\":\"https:\/\/www.alambiccoinox.it\/wp-content\/uploads\/2024\/04\/500q.jpg\",\"contentUrl\":\"https:\/\/www.alambiccoinox.it\/wp-content\/uploads\/2024\/04\/500q.jpg\",\"width\":427,\"height\":570,\"caption\":\"distillazione oli essenziali\"},{\"@type\":\"BreadcrumbList\",\"@id\":\"https:\/\/www.alambiccoinox.it\/es\/prodotto\/alambicco-500-litri\/#breadcrumb\",\"itemListElement\":[{\"@type\":\"ListItem\",\"position\":1,\"name\":\"Home\",\"item\":\"https:\/\/www.alambiccoinox.it\/es\/\"},{\"@type\":\"ListItem\",\"position\":2,\"name\":\"Shop\",\"item\":\"https:\/\/www.alambiccoinox.it\/es\/shop\/\"},{\"@type\":\"ListItem\",\"position\":3,\"name\":\"Alambique 500 litros\"}]},{\"@type\":\"WebSite\",\"@id\":\"https:\/\/www.alambiccoinox.it\/es\/#website\",\"url\":\"https:\/\/www.alambiccoinox.it\/es\/\",\"name\":\"Centro Produzione Alambicco\",\"description\":\"di Scambiattera Francesco\",\"publisher\":{\"@id\":\"https:\/\/www.alambiccoinox.it\/es\/#organization\"},\"alternateName\":\"Alambicco Inox\",\"potentialAction\":[{\"@type\":\"SearchAction\",\"target\":{\"@type\":\"EntryPoint\",\"urlTemplate\":\"https:\/\/www.alambiccoinox.it\/es\/?s={search_term_string}\"},\"query-input\":\"required name=search_term_string\"}],\"inLanguage\":\"es\"},{\"@type\":\"Organization\",\"@id\":\"https:\/\/www.alambiccoinox.it\/es\/#organization\",\"name\":\"Centro Produzione Alambicco\",\"alternateName\":\"Alambicchi Inox\",\"url\":\"https:\/\/www.alambiccoinox.it\/es\/\",\"logo\":{\"@type\":\"ImageObject\",\"inLanguage\":\"es\",\"@id\":\"https:\/\/www.alambiccoinox.it\/es\/#\/schema\/logo\/image\/\",\"url\":\"https:\/\/www.alambiccoinox.it\/wp-content\/uploads\/2024\/04\/2.png\",\"contentUrl\":\"https:\/\/www.alambiccoinox.it\/wp-content\/uploads\/2024\/04\/2.png\",\"width\":1000,\"height\":500,\"caption\":\"Centro Produzione Alambicco\"},\"image\":{\"@id\":\"https:\/\/www.alambiccoinox.it\/es\/#\/schema\/logo\/image\/\"},\"sameAs\":[\"https:\/\/www.facebook.com\/p\/Alambicco-acciaio-inox-di-Scambiatterra-Francesco-100057074185781\/\"]}]}<\/script>\n<!-- \/ Yoast SEO plugin. -->","yoast_head_json":{"title":"Alambique 500 litros - Alambicco Inox","description":"Alambique 500 Litros es el modelo m\u00e1s grande de alambique profesional para la extracci\u00f3n de aceites esenciales y destilados.","robots":{"index":"index","follow":"follow","max-snippet":"max-snippet:-1","max-image-preview":"max-image-preview:large","max-video-preview":"max-video-preview:-1"},"canonical":"https:\/\/www.alambiccoinox.it\/es\/prodotto\/alambicco-500-litri\/","og_locale":"es_ES","og_type":"article","og_title":"Alambique 500 litros - Alambicco Inox","og_description":"Alambique 500 Litros es el modelo m\u00e1s grande de alambique profesional para la extracci\u00f3n de aceites esenciales y destilados.","og_url":"https:\/\/www.alambiccoinox.it\/es\/prodotto\/alambicco-500-litri\/","og_site_name":"Alambicco Inox","article_publisher":"https:\/\/www.facebook.com\/p\/Alambicco-acciaio-inox-di-Scambiatterra-Francesco-100057074185781\/","article_modified_time":"2025-02-12T12:36:08+00:00","og_image":[{"width":427,"height":570,"url":"https:\/\/www.alambiccoinox.it\/wp-content\/uploads\/2024\/04\/500q.jpg","type":"image\/jpeg"}],"twitter_card":"summary_large_image","twitter_misc":{"Tiempo de lectura":"3 minutos"},"schema":{"@context":"https:\/\/schema.org","@graph":[{"@type":"WebPage","@id":"https:\/\/www.alambiccoinox.it\/es\/prodotto\/alambicco-500-litri\/","url":"https:\/\/www.alambiccoinox.it\/es\/prodotto\/alambicco-500-litri\/","name":"Alambique 500 litros - Alambicco Inox","isPartOf":{"@id":"https:\/\/www.alambiccoinox.it\/es\/#website"},"primaryImageOfPage":{"@id":"https:\/\/www.alambiccoinox.it\/es\/prodotto\/alambicco-500-litri\/#primaryimage"},"image":{"@id":"https:\/\/www.alambiccoinox.it\/es\/prodotto\/alambicco-500-litri\/#primaryimage"},"thumbnailUrl":"https:\/\/www.alambiccoinox.it\/wp-content\/uploads\/2024\/04\/500q.jpg","datePublished":"2024-04-19T15:27:09+00:00","dateModified":"2025-02-12T12:36:08+00:00","description":"Alambique 500 Litros es el modelo m\u00e1s grande de alambique profesional para la extracci\u00f3n de aceites esenciales y destilados.","breadcrumb":{"@id":"https:\/\/www.alambiccoinox.it\/es\/prodotto\/alambicco-500-litri\/#breadcrumb"},"inLanguage":"es","potentialAction":[{"@type":"ReadAction","target":["https:\/\/www.alambiccoinox.it\/es\/prodotto\/alambicco-500-litri\/"]}]},{"@type":"ImageObject","inLanguage":"es","@id":"https:\/\/www.alambiccoinox.it\/es\/prodotto\/alambicco-500-litri\/#primaryimage","url":"https:\/\/www.alambiccoinox.it\/wp-content\/uploads\/2024\/04\/500q.jpg","contentUrl":"https:\/\/www.alambiccoinox.it\/wp-content\/uploads\/2024\/04\/500q.jpg","width":427,"height":570,"caption":"distillazione oli essenziali"},{"@type":"BreadcrumbList","@id":"https:\/\/www.alambiccoinox.it\/es\/prodotto\/alambicco-500-litri\/#breadcrumb","itemListElement":[{"@type":"ListItem","position":1,"name":"Home","item":"https:\/\/www.alambiccoinox.it\/es\/"},{"@type":"ListItem","position":2,"name":"Shop","item":"https:\/\/www.alambiccoinox.it\/es\/shop\/"},{"@type":"ListItem","position":3,"name":"Alambique 500 litros"}]},{"@type":"WebSite","@id":"https:\/\/www.alambiccoinox.it\/es\/#website","url":"https:\/\/www.alambiccoinox.it\/es\/","name":"Centro Produzione Alambicco","description":"di Scambiattera Francesco","publisher":{"@id":"https:\/\/www.alambiccoinox.it\/es\/#organization"},"alternateName":"Alambicco Inox","potentialAction":[{"@type":"SearchAction","target":{"@type":"EntryPoint","urlTemplate":"https:\/\/www.alambiccoinox.it\/es\/?s={search_term_string}"},"query-input":"required name=search_term_string"}],"inLanguage":"es"},{"@type":"Organization","@id":"https:\/\/www.alambiccoinox.it\/es\/#organization","name":"Centro Produzione Alambicco","alternateName":"Alambicchi Inox","url":"https:\/\/www.alambiccoinox.it\/es\/","logo":{"@type":"ImageObject","inLanguage":"es","@id":"https:\/\/www.alambiccoinox.it\/es\/#\/schema\/logo\/image\/","url":"https:\/\/www.alambiccoinox.it\/wp-content\/uploads\/2024\/04\/2.png","contentUrl":"https:\/\/www.alambiccoinox.it\/wp-content\/uploads\/2024\/04\/2.png","width":1000,"height":500,"caption":"Centro Produzione Alambicco"},"image":{"@id":"https:\/\/www.alambiccoinox.it\/es\/#\/schema\/logo\/image\/"},"sameAs":["https:\/\/www.facebook.com\/p\/Alambicco-acciaio-inox-di-Scambiatterra-Francesco-100057074185781\/"]}]}},"_links":{"self":[{"href":"https:\/\/www.alambiccoinox.it\/es\/wp-json\/wp\/v2\/product\/3545","targetHints":{"allow":["GET"]}}],"collection":[{"href":"https:\/\/www.alambiccoinox.it\/es\/wp-json\/wp\/v2\/product"}],"about":[{"href":"https:\/\/www.alambiccoinox.it\/es\/wp-json\/wp\/v2\/types\/product"}],"wp:featuredmedia":[{"embeddable":true,"href":"https:\/\/www.alambiccoinox.it\/es\/wp-json\/wp\/v2\/media\/3449"}],"wp:attachment":[{"href":"https:\/\/www.alambiccoinox.it\/es\/wp-json\/wp\/v2\/media?parent=3545"}],"wp:term":[{"taxonomy":"product_cat","embeddable":true,"href":"https:\/\/www.alambiccoinox.it\/es\/wp-json\/wp\/v2\/product_cat?post=3545"},{"taxonomy":"product_tag","embeddable":true,"href":"https:\/\/www.alambiccoinox.it\/es\/wp-json\/wp\/v2\/product_tag?post=3545"}],"curies":[{"name":"wp","href":"https:\/\/api.w.org\/{rel}","templated":true}]}}